{"id":930,"date":"2020-09-30T15:34:40","date_gmt":"2020-09-30T21:34:40","guid":{"rendered":"https:\/\/www.mtnmamas.org\/?page_id=930"},"modified":"2025-10-29T13:07:22","modified_gmt":"2025-10-29T19:07:22","slug":"mamasvote","status":"publish","type":"page","link":"https:\/\/www.mtnmamas.org\/sp\/mamasvote\/","title":{"rendered":"\u00a1Consigue tu pegatina de Mamas Vote!"},"content":{"rendered":"<section class=\"l-section wpb_row us_custom_14ebb066 height_large\"><div class=\"l-section-h i-cf\"><div class=\"g-cols vc_row via_flex valign_top type_default stacking_default\"><div class=\"vc_col-sm-12 wpb_column vc_column_container\"><div class=\"vc_column-inner\"><div class=\"wpb_wrapper\"><h1 style=\"text-align: center\" class=\"vc_custom_heading vc_do_custom_heading us_custom_6df4bc3a\" >\u00a1VOTAR\u00c9 COMO UNA MAM\u00c1 DE MONTA\u00d1A!<\/h1><\/div><\/div><\/div><\/div><\/div><\/section><section class=\"l-section wpb_row height_medium\"><div class=\"l-section-h i-cf\"><div class=\"g-cols vc_row via_flex valign_top type_default stacking_default\"><div class=\"vc_col-sm-6 wpb_column vc_column_container has_bg_color\"><div class=\"vc_column-inner us_custom_4709e4a5\"><div class=\"wpb_wrapper\"><div class=\"w-html\"><link rel='preload' href='https:\/\/static.everyaction.com\/ea-actiontag\/at.js' as='script' crossorigin='anonymous'>\n <link rel='preload' href='https:\/\/static.everyaction.com\/ea-actiontag\/at.min.css' as='style'>\n <script type='text\/javascript' src='https:\/\/static.everyaction.com\/ea-actiontag\/at.js' crossorigin='anonymous'><\/script>\n <link rel='preload' href='https:\/\/nvlupin.blob.core.windows.net\/designs\/CustomStylesheet_db12e770d960ef19952e7cc1aa9308748f541931aabd50481b530a8c2e67a97f.css' as='style'>\n <div class=\"ngp-form\"\n     data-form-url=\"https:\/\/secure.everyaction.com\/v1\/Forms\/wLfKPTQQlECgxHiR3p9cJQ2\"\n             data-custom-css='https:\/\/nvlupin.blob.core.windows.net\/designs\/CustomStylesheet_db12e770d960ef19952e7cc1aa9308748f541931aabd50481b530a8c2e67a97f.css'\n     data-fastaction-endpoint=\"https:\/\/fastaction.ngpvan.com\"\n     data-inline-errors=\"true\"\n     data-fastaction-nologin=\"true\"\n          data-mobile-autofocus=\"false\">\n<\/div><\/div><\/div><\/div><\/div><div class=\"vc_col-sm-6 wpb_column vc_column_container\"><div class=\"vc_column-inner\"><div class=\"wpb_wrapper\"><div class=\"w-image us_custom_de67d1db align_center\"><div class=\"w-image-h\"><img decoding=\"async\" width=\"652\" height=\"502\" src=\"https:\/\/www.mtnmamas.org\/wp-content\/uploads\/2024\/10\/Mountain-Mamas-Vote-2024-Sticker.jpeg\" class=\"attachment-full size-full\" alt=\"Mamas Vote 2024 Sticker\" loading=\"lazy\" srcset=\"https:\/\/www.mtnmamas.org\/wp-content\/uploads\/2024\/10\/Mountain-Mamas-Vote-2024-Sticker.jpeg 652w, https:\/\/www.mtnmamas.org\/wp-content\/uploads\/2024\/10\/Mountain-Mamas-Vote-2024-Sticker-300x231.jpeg 300w, https:\/\/www.mtnmamas.org\/wp-content\/uploads\/2024\/10\/Mountain-Mamas-Vote-2024-Sticker-16x12.jpeg 16w, https:\/\/www.mtnmamas.org\/wp-content\/uploads\/2024\/10\/Mountain-Mamas-Vote-2024-Sticker-520x400.jpeg 520w\" sizes=\"auto, (max-width: 652px) 100vw, 652px\" \/><\/div><\/div><div class=\"w-separator size_small\"><\/div><div class=\"wpb_text_column\"><div class=\"wpb_wrapper\"><p><span style=\"color: #00758c;\"><strong>Est\u00e1s listo para emitir tu voto por el futuro saludable de tu familia. \u00a1Nosotros tambi\u00e9n!<\/strong><\/span><\/p>\n<p><span style=\"font-weight: 400;\">Las mam\u00e1s de monta\u00f1a imaginan aire limpio para ni\u00f1os y familias saludables, energ\u00eda limpia para un futuro brillante y tierras p\u00fablicas y espacios abiertos que nos permitan a todos disfrutar de nuestra calidad de vida al aire libre. Como una mam\u00e1 osa protectora, exigimos a los funcionarios electos que rindan cuentas por un futuro sustentable que les d\u00e9 a nuestros ni\u00f1os y familias la oportunidad de prosperar. <\/span><\/p>\n<\/div><\/div><h2 style=\"text-align: center\" class=\"vc_custom_heading vc_do_custom_heading us_custom_b5499af5\" >LO QUE CREEMOS<\/h2><div class=\"wpb_text_column\"><div class=\"wpb_wrapper\"><p style=\"text-align: center;\"><span style=\"font-weight: 400;\">Nuestro <strong>clima<\/strong> requiere nuestra mejor lucha.<br \/>\n<\/span><span style=\"font-weight: 400;\">Nuestro <strong>tierras p\u00fablicas<\/strong> Debe estar protegido y ser accesible para todos.<br \/>\n<\/span><span style=\"font-weight: 400;\">Nuestro <strong>aire<\/strong> Debe estar limpio y verde.<\/span><\/p>\n<\/div><\/div><div class=\"w-btn-wrapper align_center\"><a class=\"w-btn us-btn-style_1 us_custom_0f8f44b7\" target=\"_blank\" rel=\"nofollow\" href=\"https:\/\/secure.everyaction.com\/wLfKPTQQlECgxHiR3p9cJQ2\"><span class=\"w-btn-label\">Consigue mi pegatina<\/span><\/a><\/div><\/div><\/div><\/div><\/div><\/div><\/section><section class=\"l-section wpb_row height_medium\"><div class=\"l-section-h i-cf\"><div class=\"g-cols vc_row via_flex valign_top type_default stacking_default\"><div class=\"vc_col-sm-12 wpb_column vc_column_container\"><div class=\"vc_column-inner\"><div class=\"wpb_wrapper\"><h2 style=\"text-align: center\" class=\"vc_custom_heading vc_do_custom_heading us_custom_b5499af5\" >\u00bfPOR QU\u00c9 LO CREEMOS?<\/h2><div class=\"wpb_text_column\"><div class=\"wpb_wrapper\"><p style=\"text-align: left;\"><span style=\"font-weight: 400;\">El tiempo al aire libre no solo les brinda a los ni\u00f1os (\u00a1y a las mam\u00e1s!) ejercicio y reduce el estr\u00e9s, sino que tambi\u00e9n estimula la creatividad y les permite desarrollar importantes funciones ejecutivas y habilidades de afrontamiento.\u00a0<\/span><\/p>\n<p><span style=\"font-weight: 400;\"> \u2192 M\u00e1s de 100 millones de estadounidenses no tienen un parque a 10 minutos a pie, y como mam\u00e1, eso es simplemente inaceptable.<br \/>\n<\/span>\u2192 El cambio clim\u00e1tico provoca m\u00e1s incendios forestales y m\u00e1s devastadores, m\u00e1s enfermedades transmitidas por insectos, sequ\u00edas y posible escasez de alimentos.<br \/>\n\u2192 La contaminaci\u00f3n del aire provoca bajo peso al nacer, da\u00f1a los pulmones a\u00fan en desarrollo de los ni\u00f1os, causa problemas de desarrollo, c\u00e1ncer e incluso muerte prematura.<br \/>\n\u2192 La expansi\u00f3n urbana, el comercio y las perforaciones destruyen el equivalente a un campo de f\u00fatbol cada minuto en Occidente.<br \/>\n\u2192 Colorado ya se ha calentado 2 grados en los \u00faltimos 30 a\u00f1os.<\/p>\n<\/div><\/div><div class=\"g-cols wpb_row via_flex valign_top type_default stacking_default\"><div class=\"vc_col-sm-6 wpb_column vc_column_container\"><div class=\"vc_column-inner\"><div class=\"wpb_wrapper\"><div class=\"w-image align_none\"><div class=\"w-image-h\"><img decoding=\"async\" width=\"1613\" height=\"1199\" src=\"https:\/\/www.mtnmamas.org\/wp-content\/uploads\/2020\/10\/Photo-Sep-12-9-39-02-AM.jpg\" class=\"attachment-full size-full\" alt=\"\" loading=\"lazy\" srcset=\"https:\/\/www.mtnmamas.org\/wp-content\/uploads\/2020\/10\/Photo-Sep-12-9-39-02-AM.jpg 1613w, https:\/\/www.mtnmamas.org\/wp-content\/uploads\/2020\/10\/Photo-Sep-12-9-39-02-AM-300x223.jpg 300w, https:\/\/www.mtnmamas.org\/wp-content\/uploads\/2020\/10\/Photo-Sep-12-9-39-02-AM-1024x761.jpg 1024w, https:\/\/www.mtnmamas.org\/wp-content\/uploads\/2020\/10\/Photo-Sep-12-9-39-02-AM-538x400.jpg 538w, https:\/\/www.mtnmamas.org\/wp-content\/uploads\/2020\/10\/Photo-Sep-12-9-39-02-AM-150x112.jpg 150w\" sizes=\"auto, (max-width: 1613px) 100vw, 1613px\" \/><\/div><\/div><\/div><\/div><\/div><div class=\"vc_col-sm-6 wpb_column vc_column_container\"><div class=\"vc_column-inner\"><div class=\"wpb_wrapper\"><div class=\"w-image align_none\"><div class=\"w-image-h\"><img decoding=\"async\" width=\"2048\" height=\"1536\" src=\"https:\/\/www.mtnmamas.org\/wp-content\/uploads\/2020\/09\/Photo-Sep-12-9-52-44-AM-1.jpg\" class=\"attachment-full size-full\" alt=\"\" loading=\"lazy\" srcset=\"https:\/\/www.mtnmamas.org\/wp-content\/uploads\/2020\/09\/Photo-Sep-12-9-52-44-AM-1.jpg 2048w, https:\/\/www.mtnmamas.org\/wp-content\/uploads\/2020\/09\/Photo-Sep-12-9-52-44-AM-1-300x225.jpg 300w, https:\/\/www.mtnmamas.org\/wp-content\/uploads\/2020\/09\/Photo-Sep-12-9-52-44-AM-1-1024x768.jpg 1024w, https:\/\/www.mtnmamas.org\/wp-content\/uploads\/2020\/09\/Photo-Sep-12-9-52-44-AM-1-533x400.jpg 533w, https:\/\/www.mtnmamas.org\/wp-content\/uploads\/2020\/09\/Photo-Sep-12-9-52-44-AM-1-150x113.jpg 150w\" sizes=\"auto, (max-width: 2048px) 100vw, 2048px\" \/><\/div><\/div><\/div><\/div><\/div><\/div><h2 style=\"text-align: center\" class=\"vc_custom_heading vc_do_custom_heading us_custom_b5499af5\" >COMO LO HACEMOS<\/h2><div class=\"wpb_text_column\"><div class=\"wpb_wrapper\"><p><span style=\"font-weight: 400;\"><span style=\"color: #00758c;\"><strong>Equipamos a las mujeres para que alcen su voz, aunque sea de manera imperfecta, sobre los temas que les preocupan.<\/strong><\/span> \u2013 ya sea firmando una petici\u00f3n, emitiendo declaraciones, editoriales de opini\u00f3n\/cartas al editor, esfuerzos de cabildeo en persona (\u00a1o por Zoom!) y conect\u00e1ndose como comunidad para celebrar nuestras victorias, en el sendero, en el parque o en el agua.\u00a0<\/span><\/p>\n<p><span style=\"font-weight: 400;\"><span style=\"color: #00758c;\"><strong>Abogamos, como una sola voz, por salvaguardas nacionales y estatales que se alineen con nuestros valores fundamentales.<\/strong><\/span> de proteger nuestro clima, nuestras tierras p\u00fablicas y nuestro aire limpio, porque sabemos que sin leyes fuertes el futuro de nuestras familias est\u00e1 en riesgo.<\/span><\/p>\n<p><span style=\"font-weight: 400;\">Hacemos responsables a los que toman las decisiones de sus promesas, sus votos y sus errores.<\/span><\/p>\n<\/div><\/div><h2 style=\"text-align: center\" class=\"vc_custom_heading vc_do_custom_heading us_custom_b5499af5\" >BECOME A MOUNTAIN MAMA TODAY<\/h2><div class=\"wpb_text_column\"><div class=\"wpb_wrapper\"><p style=\"text-align: center;\"><span style=\"font-weight: 400;\">\u00bfLe apasiona el futuro saludable de sus hijos y familias? \u00bfEl clima, el aire limpio y el acceso a nuestras tierras p\u00fablicas son una prioridad para su calidad de vida? \u00a1Entonces \u00fanase a nosotras! Y creemos un movimiento de mujeres que defiendan a nuestros hijos, familias, a nosotras mismas y a nuestro futuro.<\/span><\/p>\n<\/div><\/div><div class=\"w-btn-wrapper align_center\"><a class=\"w-btn us-btn-style_1\" title=\"donar\" href=\"https:\/\/www.mtnmamas.org\/sp\/donate\/\"><span class=\"w-btn-label\">Hazte miembro hoy \u2192<\/span><\/a><\/div><div class=\"w-separator size_medium\"><\/div><div class=\"wpb_text_column\"><div class=\"wpb_wrapper\"><p style=\"text-align: center;\"><em>Todas las fotos de la p\u00e1gina son de <a href=\"https:\/\/www.spitfirephotography.com\/\">Fotograf\u00eda de Spitfire<\/a>.<\/em><\/p>\n<\/div><\/div><\/div><\/div><\/div><\/div><\/div><\/section>","protected":false},"excerpt":{"rendered":"\u00a1VOTAR\u00c9 COMO UNA MAM\u00c1 DE LA MONTA\u00d1A! Est\u00e1s lista para emitir tu voto por el futuro saludable de tu familia. \u00a1Nosotras tambi\u00e9n! Las mam\u00e1s de la monta\u00f1a imaginamos aire limpio para ni\u00f1os y familias saludables, energ\u00eda limpia para un futuro brillante y tierras p\u00fablicas y espacios abiertos que nos permitan a todos disfrutar de la calidad del aire libre...","protected":false},"author":4,"featured_media":0,"parent":0,"menu_order":0,"comment_status":"closed","ping_status":"closed","template":"","meta":{"footnotes":""},"class_list":["post-930","page","type-page","status-publish","hentry"],"yoast_head":"<!-- This site is optimized with the Yoast SEO plugin v27.5 - https:\/\/yoast.com\/product\/yoast-seo-wordpress\/ -->\n<title>Get your Mamas Vote Sticker! - Mountain Mamas<\/title>\n<meta name=\"robots\" content=\"index, follow, max-snippet:-1, max-image-preview:large, max-video-preview:-1\" \/>\n<link rel=\"canonical\" href=\"https:\/\/www.mtnmamas.org\/sp\/mamasvote\/\" \/>\n<meta property=\"og:locale\" content=\"es_MX\" \/>\n<meta property=\"og:type\" content=\"article\" \/>\n<meta property=\"og:title\" content=\"Get your Mamas Vote Sticker! - Mountain Mamas\" \/>\n<meta property=\"og:url\" content=\"https:\/\/www.mtnmamas.org\/sp\/mamasvote\/\" \/>\n<meta property=\"og:site_name\" content=\"Mountain Mamas\" \/>\n<meta property=\"article:publisher\" content=\"https:\/\/www.facebook.com\/MtnMamasOrg\/\" \/>\n<meta property=\"article:modified_time\" content=\"2025-10-29T19:07:22+00:00\" \/>\n<meta name=\"twitter:card\" content=\"summary_large_image\" \/>\n<meta name=\"twitter:site\" content=\"@MtnMamasOrg\" \/>\n<meta name=\"twitter:label1\" content=\"Tiempo de lectura\" \/>\n\t<meta name=\"twitter:data1\" content=\"2 minutos\" \/>\n<script type=\"application\/ld+json\" class=\"yoast-schema-graph\">{\"@context\":\"https:\\\/\\\/schema.org\",\"@graph\":[{\"@type\":\"WebPage\",\"@id\":\"https:\\\/\\\/www.mtnmamas.org\\\/mamasvote\\\/\",\"url\":\"https:\\\/\\\/www.mtnmamas.org\\\/mamasvote\\\/\",\"name\":\"Get your Mamas Vote Sticker! - Mountain Mamas\",\"isPartOf\":{\"@id\":\"https:\\\/\\\/www.mtnmamas.org\\\/#website\"},\"datePublished\":\"2020-09-30T21:34:40+00:00\",\"dateModified\":\"2025-10-29T19:07:22+00:00\",\"breadcrumb\":{\"@id\":\"https:\\\/\\\/www.mtnmamas.org\\\/mamasvote\\\/#breadcrumb\"},\"inLanguage\":\"es\",\"potentialAction\":[{\"@type\":\"ReadAction\",\"target\":[\"https:\\\/\\\/www.mtnmamas.org\\\/mamasvote\\\/\"]}]},{\"@type\":\"BreadcrumbList\",\"@id\":\"https:\\\/\\\/www.mtnmamas.org\\\/mamasvote\\\/#breadcrumb\",\"itemListElement\":[{\"@type\":\"ListItem\",\"position\":1,\"name\":\"Home\",\"item\":\"https:\\\/\\\/www.mtnmamas.org\\\/\"},{\"@type\":\"ListItem\",\"position\":2,\"name\":\"Get your Mamas Vote Sticker!\"}]},{\"@type\":\"WebSite\",\"@id\":\"https:\\\/\\\/www.mtnmamas.org\\\/#website\",\"url\":\"https:\\\/\\\/www.mtnmamas.org\\\/\",\"name\":\"Mountain Mamas\",\"description\":\"\",\"publisher\":{\"@id\":\"https:\\\/\\\/www.mtnmamas.org\\\/#organization\"},\"potentialAction\":[{\"@type\":\"SearchAction\",\"target\":{\"@type\":\"EntryPoint\",\"urlTemplate\":\"https:\\\/\\\/www.mtnmamas.org\\\/?s={search_term_string}\"},\"query-input\":{\"@type\":\"PropertyValueSpecification\",\"valueRequired\":true,\"valueName\":\"search_term_string\"}}],\"inLanguage\":\"es\"},{\"@type\":\"Organization\",\"@id\":\"https:\\\/\\\/www.mtnmamas.org\\\/#organization\",\"name\":\"Mountain Mamas\",\"url\":\"https:\\\/\\\/www.mtnmamas.org\\\/\",\"logo\":{\"@type\":\"ImageObject\",\"inLanguage\":\"es\",\"@id\":\"https:\\\/\\\/www.mtnmamas.org\\\/#\\\/schema\\\/logo\\\/image\\\/\",\"url\":\"https:\\\/\\\/www.mtnmamas.org\\\/wp-content\\\/uploads\\\/2019\\\/12\\\/MountainMamas_Logo_BlueRed.png\",\"contentUrl\":\"https:\\\/\\\/www.mtnmamas.org\\\/wp-content\\\/uploads\\\/2019\\\/12\\\/MountainMamas_Logo_BlueRed.png\",\"width\":849,\"height\":644,\"caption\":\"Mountain Mamas\"},\"image\":{\"@id\":\"https:\\\/\\\/www.mtnmamas.org\\\/#\\\/schema\\\/logo\\\/image\\\/\"},\"sameAs\":[\"https:\\\/\\\/www.facebook.com\\\/MtnMamasOrg\\\/\",\"https:\\\/\\\/x.com\\\/MtnMamasOrg\",\"https:\\\/\\\/www.instagram.com\\\/MtnMamasOrg\\\/\",\"https:\\\/\\\/www.youtube.com\\\/channel\\\/UCkfMCLwtylR_HK4NQG_hQdA\"]}]}<\/script>\n<!-- \/ Yoast SEO plugin. -->","yoast_head_json":{"title":"Get your Mamas Vote Sticker! - Mountain Mamas","robots":{"index":"index","follow":"follow","max-snippet":"max-snippet:-1","max-image-preview":"max-image-preview:large","max-video-preview":"max-video-preview:-1"},"canonical":"https:\/\/www.mtnmamas.org\/sp\/mamasvote\/","og_locale":"es_MX","og_type":"article","og_title":"Get your Mamas Vote Sticker! - Mountain Mamas","og_url":"https:\/\/www.mtnmamas.org\/sp\/mamasvote\/","og_site_name":"Mountain Mamas","article_publisher":"https:\/\/www.facebook.com\/MtnMamasOrg\/","article_modified_time":"2025-10-29T19:07:22+00:00","twitter_card":"summary_large_image","twitter_site":"@MtnMamasOrg","twitter_misc":{"Tiempo de lectura":"2 minutos"},"schema":{"@context":"https:\/\/schema.org","@graph":[{"@type":"WebPage","@id":"https:\/\/www.mtnmamas.org\/mamasvote\/","url":"https:\/\/www.mtnmamas.org\/mamasvote\/","name":"Get your Mamas Vote Sticker! - Mountain Mamas","isPartOf":{"@id":"https:\/\/www.mtnmamas.org\/#website"},"datePublished":"2020-09-30T21:34:40+00:00","dateModified":"2025-10-29T19:07:22+00:00","breadcrumb":{"@id":"https:\/\/www.mtnmamas.org\/mamasvote\/#breadcrumb"},"inLanguage":"es","potentialAction":[{"@type":"ReadAction","target":["https:\/\/www.mtnmamas.org\/mamasvote\/"]}]},{"@type":"BreadcrumbList","@id":"https:\/\/www.mtnmamas.org\/mamasvote\/#breadcrumb","itemListElement":[{"@type":"ListItem","position":1,"name":"Home","item":"https:\/\/www.mtnmamas.org\/"},{"@type":"ListItem","position":2,"name":"Get your Mamas Vote Sticker!"}]},{"@type":"WebSite","@id":"https:\/\/www.mtnmamas.org\/#website","url":"https:\/\/www.mtnmamas.org\/","name":"Mam\u00e1s de monta\u00f1a","description":"","publisher":{"@id":"https:\/\/www.mtnmamas.org\/#organization"},"potentialAction":[{"@type":"SearchAction","target":{"@type":"EntryPoint","urlTemplate":"https:\/\/www.mtnmamas.org\/?s={search_term_string}"},"query-input":{"@type":"PropertyValueSpecification","valueRequired":true,"valueName":"search_term_string"}}],"inLanguage":"es"},{"@type":"Organization","@id":"https:\/\/www.mtnmamas.org\/#organization","name":"Mam\u00e1s de monta\u00f1a","url":"https:\/\/www.mtnmamas.org\/","logo":{"@type":"ImageObject","inLanguage":"es","@id":"https:\/\/www.mtnmamas.org\/#\/schema\/logo\/image\/","url":"https:\/\/www.mtnmamas.org\/wp-content\/uploads\/2019\/12\/MountainMamas_Logo_BlueRed.png","contentUrl":"https:\/\/www.mtnmamas.org\/wp-content\/uploads\/2019\/12\/MountainMamas_Logo_BlueRed.png","width":849,"height":644,"caption":"Mountain Mamas"},"image":{"@id":"https:\/\/www.mtnmamas.org\/#\/schema\/logo\/image\/"},"sameAs":["https:\/\/www.facebook.com\/MtnMamasOrg\/","https:\/\/x.com\/MtnMamasOrg","https:\/\/www.instagram.com\/MtnMamasOrg\/","https:\/\/www.youtube.com\/channel\/UCkfMCLwtylR_HK4NQG_hQdA"]}]}},"_links":{"self":[{"href":"https:\/\/www.mtnmamas.org\/sp\/wp-json\/wp\/v2\/pages\/930","targetHints":{"allow":["GET"]}}],"collection":[{"href":"https:\/\/www.mtnmamas.org\/sp\/wp-json\/wp\/v2\/pages"}],"about":[{"href":"https:\/\/www.mtnmamas.org\/sp\/wp-json\/wp\/v2\/types\/page"}],"author":[{"embeddable":true,"href":"https:\/\/www.mtnmamas.org\/sp\/wp-json\/wp\/v2\/users\/4"}],"replies":[{"embeddable":true,"href":"https:\/\/www.mtnmamas.org\/sp\/wp-json\/wp\/v2\/comments?post=930"}],"version-history":[{"count":26,"href":"https:\/\/www.mtnmamas.org\/sp\/wp-json\/wp\/v2\/pages\/930\/revisions"}],"predecessor-version":[{"id":3112,"href":"https:\/\/www.mtnmamas.org\/sp\/wp-json\/wp\/v2\/pages\/930\/revisions\/3112"}],"wp:attachment":[{"href":"https:\/\/www.mtnmamas.org\/sp\/wp-json\/wp\/v2\/media?parent=930"}],"curies":[{"name":"wp","href":"https:\/\/api.w.org\/{rel}","templated":true}]}}