{"id":2242,"date":"2024-01-05T13:40:00","date_gmt":"2024-01-05T19:40:00","guid":{"rendered":"https:\/\/www.mtnmamas.org\/?page_id=2242"},"modified":"2024-01-23T14:55:28","modified_gmt":"2024-01-23T20:55:28","slug":"jeffco-sustainability-action","status":"publish","type":"page","link":"https:\/\/www.mtnmamas.org\/sp\/jeffco-sustainability-action\/","title":{"rendered":"P\u00e1gina de acci\u00f3n de sostenibilidad de Jeffco"},"content":{"rendered":"<section class=\"l-section wpb_row height_medium with_img\"><div class=\"l-section-img\" role=\"img\" aria-label=\"Imagen\" data-img-width=\"1000\" data-img-height=\"651\" style=\"background-image: url(https:\/\/www.mtnmamas.org\/wp-content\/uploads\/2024\/01\/classroom-photo-medium.jpg);background-repeat: no-repeat;\"><\/div><div class=\"l-section-overlay\" style=\"background:rgba(0,0,0,0.60)\"><\/div><div class=\"l-section-h i-cf\"><div class=\"g-cols vc_row via_flex valign_top type_default stacking_default\"><div class=\"vc_col-sm-12 wpb_column vc_column_container\"><div class=\"vc_column-inner\"><div class=\"wpb_wrapper\"><div class=\"wpb_text_column us_custom_359c8b83 has_text_color\"><div class=\"wpb_wrapper\"><h1 style=\"text-align: center;\">\u00a1Inste a la Junta Escolar de Jeffco a aprobar un plan de acci\u00f3n clim\u00e1tica!<\/h1>\n<\/div><\/div><\/div><\/div><\/div><\/div><\/div><\/section><section class=\"l-section wpb_row us_custom_43ad89df height_medium\"><div class=\"l-section-h i-cf\"><div class=\"g-cols vc_row via_flex valign_top type_default stacking_default\"><div class=\"vc_col-sm-12 wpb_column vc_column_container\"><div class=\"vc_column-inner\"><div class=\"wpb_wrapper\"><div class=\"wpb_text_column us_custom_82ea20f1 has_text_color\"><div class=\"wpb_wrapper\"><p>El Distrito necesita escuchar de los estudiantes, padres y miembros de la comunidad que este es un problema urgente que deben abordar. <\/p>\n<\/div><\/div><\/div><\/div><\/div><div class=\"vc_col-sm-12 wpb_column vc_column_container\"><div class=\"vc_column-inner\"><div class=\"wpb_wrapper\"><div class=\"wpb_text_column us_custom_e8a9fc64 has_text_color\"><div class=\"wpb_wrapper\"><p><strong>\u00a1Env\u00eda un mensaje hoy para prestar tu voz! <\/strong><\/p>\n<\/div><\/div><\/div><\/div><\/div><\/div><\/div><\/section><section class=\"l-section wpb_row height_medium\"><div class=\"l-section-h i-cf\"><div class=\"g-cols vc_row via_flex valign_top type_default stacking_default\"><div class=\"vc_col-sm-6 wpb_column vc_column_container\"><div class=\"vc_column-inner\"><div class=\"wpb_wrapper\"><div class=\"w-image us_custom_8abea63a has_ratio align_none\"><div class=\"w-image-h\"><div style=\"padding-bottom:57.1429%\"><\/div><img decoding=\"async\" width=\"1024\" height=\"683\" src=\"https:\/\/www.mtnmamas.org\/wp-content\/uploads\/2024\/01\/students-recycling-1024x683.jpg\" class=\"attachment-large size-large\" alt=\"\" loading=\"lazy\" \/><\/div><\/div><\/div><\/div><\/div><div class=\"vc_col-sm-6 wpb_column vc_column_container\"><div class=\"vc_column-inner\"><div class=\"wpb_wrapper\"><div class=\"wpb_text_column us_custom_b292cfd8 has_text_color\"><div class=\"wpb_wrapper\"><p>Jeffco es uno de los pocos distritos escolares en el \u00e1rea metropolitana de Denver que no cuenta con iniciativas claras de sustentabilidad ambiental, lo que lo coloca detr\u00e1s de otros distritos del estado que ya se benefician del ahorro de energ\u00eda y la reducci\u00f3n de desechos. El estado de Colorado, el condado de Jefferson y los municipios de todo el distrito han adoptado planes para reducir su huella de carbono. Como el segundo distrito escolar m\u00e1s grande del estado, creemos que es hora de que las Escuelas P\u00fablicas de Jeffco asuman la responsabilidad de su parte y prioricen las medidas para proteger el planeta para los ni\u00f1os a los que sirven y las generaciones futuras.<\/p>\n<\/div><\/div><\/div><\/div><\/div><\/div><\/div><\/section><section class=\"l-section wpb_row height_medium\"><div class=\"l-section-h i-cf\"><div class=\"g-cols vc_row via_flex valign_top type_default stacking_default\"><div class=\"vc_col-sm-12 wpb_column vc_column_container has_bg_color\"><div class=\"vc_column-inner us_custom_8756497a\"><div class=\"wpb_wrapper\"><div class=\"wpb_text_column us_custom_73cb6a95 has_text_color\"><div class=\"wpb_wrapper\"><p><strong>Env\u00ede su nota preescrita y personalizable a la Junta Escolar de Jeffco HOY para decirles que nuestros ni\u00f1os cuentan con ellos para hacer que las escuelas sean m\u00e1s sustentables para ahorrar dinero al distrito y garantizar un clima saludable para las generaciones futuras.<\/strong><\/p>\n<\/div><\/div><div class=\"w-html\"><link rel='preload' href='https:\/\/static.everyaction.com\/ea-actiontag\/at.js' as='script' crossorigin='anonymous'>\n <link rel='preload' href='https:\/\/static.everyaction.com\/ea-actiontag\/at.min.css' as='style'>\n <script type='text\/javascript' src='https:\/\/static.everyaction.com\/ea-actiontag\/at.js' crossorigin='anonymous'><\/script>\n <link rel='preload' href='https:\/\/nvlupin.blob.core.windows.net\/designs\/CustomStylesheet_59b9b6652237f4d3f99e4a4fd4ff8226a80b0c8492a2499f229bb760a7026c18.css' as='style'>\n <div class=\"ngp-form\"\n     data-form-url=\"https:\/\/advocator.ngpvan.com\/https%3a%2f%2fsecure.everyaction.com%2fv1%2fForms%2f4jz9xSJUDECLH7BI_lqabw2\/ngpForm\"\n             data-custom-css='https:\/\/nvlupin.blob.core.windows.net\/designs\/CustomStylesheet_59b9b6652237f4d3f99e4a4fd4ff8226a80b0c8492a2499f229bb760a7026c18.css'\n     data-fastaction-endpoint=\"https:\/\/fastaction.ngpvan.com\"\n     data-inline-errors=\"true\"\n     data-fastaction-nologin=\"true\"\n     data-databag-endpoint=\"https:\/\/profile.ngpvan.com\"\n     data-databag=\"everybody\"\n          data-mobile-autofocus=\"false\">\n<\/div><\/div><\/div><\/div><\/div><\/div><\/div><\/section><section class=\"l-section wpb_row height_medium with_img\"><div class=\"l-section-img\" role=\"img\" aria-label=\"Imagen\" data-img-width=\"2560\" data-img-height=\"1707\" style=\"background-image: url(https:\/\/www.mtnmamas.org\/wp-content\/uploads\/2021\/11\/Montana_West_Red-Meadow-Lake_Fall-2020.1b_Sheena-Pate-scaled.jpg);background-repeat: no-repeat;\"><\/div><div class=\"l-section-overlay\" style=\"background:rgba(0,0,0,0.30)\"><\/div><div class=\"l-section-h i-cf\"><div class=\"g-cols vc_row via_flex valign_top type_default stacking_default\"><div class=\"vc_col-sm-8 wpb_column vc_column_container\"><div class=\"vc_column-inner\"><div class=\"wpb_wrapper\"><div class=\"wpb_text_column us_custom_b243942a has_text_color\"><div class=\"wpb_wrapper\"><p>\u00a1CONVI\u00c9RTETE EN UNA MAM\u00c1 DE MONTA\u00d1A HOY!<\/p>\n<\/div><\/div><\/div><\/div><\/div><div class=\"vc_col-sm-4 wpb_column vc_column_container\"><div class=\"vc_column-inner us_custom_e28183d5\"><div class=\"wpb_wrapper\"><div class=\"w-btn-wrapper align_none\"><a class=\"w-btn us-btn-style_1\" href=\"\/sp\/donate\/\"><span class=\"w-btn-label\">\u00danete a nosotros<\/span><\/a><\/div><\/div><\/div><\/div><\/div><\/div><\/section>","protected":false},"excerpt":{"rendered":"\u00a1Inste a la Junta Escolar de Jeffco a aprobar un plan de acci\u00f3n clim\u00e1tica! El distrito necesita escuchar de los estudiantes, padres y miembros de la comunidad que este es un problema urgente que deben abordar. \u00a1Env\u00ede un mensaje hoy para prestar su voz! Jeffco es uno de los pocos distritos escolares en el \u00e1rea metropolitana de Denver sin un plan de acci\u00f3n clim\u00e1tica claro...","protected":false},"author":14,"featured_media":0,"parent":0,"menu_order":0,"comment_status":"closed","ping_status":"closed","template":"","meta":{"footnotes":""},"class_list":["post-2242","page","type-page","status-publish","hentry"],"yoast_head":"<!-- This site is optimized with the Yoast SEO plugin v27.5 - https:\/\/yoast.com\/product\/yoast-seo-wordpress\/ -->\n<title>Jeffco Sustainability Action Page - Mountain Mamas<\/title>\n<meta name=\"robots\" content=\"index, follow, max-snippet:-1, max-image-preview:large, max-video-preview:-1\" \/>\n<link rel=\"canonical\" href=\"https:\/\/www.mtnmamas.org\/sp\/jeffco-sustainability-action\/\" \/>\n<meta property=\"og:locale\" content=\"es_MX\" \/>\n<meta property=\"og:type\" content=\"article\" \/>\n<meta property=\"og:title\" content=\"Jeffco Sustainability Action Page - Mountain Mamas\" \/>\n<meta property=\"og:url\" content=\"https:\/\/www.mtnmamas.org\/sp\/jeffco-sustainability-action\/\" \/>\n<meta property=\"og:site_name\" content=\"Mountain Mamas\" \/>\n<meta property=\"article:publisher\" content=\"https:\/\/www.facebook.com\/MtnMamasOrg\/\" \/>\n<meta property=\"article:modified_time\" content=\"2024-01-23T20:55:28+00:00\" \/>\n<meta name=\"twitter:card\" content=\"summary_large_image\" \/>\n<meta name=\"twitter:site\" content=\"@MtnMamasOrg\" \/>\n<meta name=\"twitter:label1\" content=\"Tiempo de lectura\" \/>\n\t<meta name=\"twitter:data1\" content=\"4 minutos\" \/>\n<script type=\"application\/ld+json\" class=\"yoast-schema-graph\">{\"@context\":\"https:\\\/\\\/schema.org\",\"@graph\":[{\"@type\":\"WebPage\",\"@id\":\"https:\\\/\\\/www.mtnmamas.org\\\/jeffco-sustainability-action\\\/\",\"url\":\"https:\\\/\\\/www.mtnmamas.org\\\/jeffco-sustainability-action\\\/\",\"name\":\"Jeffco Sustainability Action Page - Mountain Mamas\",\"isPartOf\":{\"@id\":\"https:\\\/\\\/www.mtnmamas.org\\\/#website\"},\"datePublished\":\"2024-01-05T19:40:00+00:00\",\"dateModified\":\"2024-01-23T20:55:28+00:00\",\"breadcrumb\":{\"@id\":\"https:\\\/\\\/www.mtnmamas.org\\\/jeffco-sustainability-action\\\/#breadcrumb\"},\"inLanguage\":\"es\",\"potentialAction\":[{\"@type\":\"ReadAction\",\"target\":[\"https:\\\/\\\/www.mtnmamas.org\\\/jeffco-sustainability-action\\\/\"]}]},{\"@type\":\"BreadcrumbList\",\"@id\":\"https:\\\/\\\/www.mtnmamas.org\\\/jeffco-sustainability-action\\\/#breadcrumb\",\"itemListElement\":[{\"@type\":\"ListItem\",\"position\":1,\"name\":\"Home\",\"item\":\"https:\\\/\\\/www.mtnmamas.org\\\/\"},{\"@type\":\"ListItem\",\"position\":2,\"name\":\"Jeffco Sustainability Action Page\"}]},{\"@type\":\"WebSite\",\"@id\":\"https:\\\/\\\/www.mtnmamas.org\\\/#website\",\"url\":\"https:\\\/\\\/www.mtnmamas.org\\\/\",\"name\":\"Mountain Mamas\",\"description\":\"\",\"publisher\":{\"@id\":\"https:\\\/\\\/www.mtnmamas.org\\\/#organization\"},\"potentialAction\":[{\"@type\":\"SearchAction\",\"target\":{\"@type\":\"EntryPoint\",\"urlTemplate\":\"https:\\\/\\\/www.mtnmamas.org\\\/?s={search_term_string}\"},\"query-input\":{\"@type\":\"PropertyValueSpecification\",\"valueRequired\":true,\"valueName\":\"search_term_string\"}}],\"inLanguage\":\"es\"},{\"@type\":\"Organization\",\"@id\":\"https:\\\/\\\/www.mtnmamas.org\\\/#organization\",\"name\":\"Mountain Mamas\",\"url\":\"https:\\\/\\\/www.mtnmamas.org\\\/\",\"logo\":{\"@type\":\"ImageObject\",\"inLanguage\":\"es\",\"@id\":\"https:\\\/\\\/www.mtnmamas.org\\\/#\\\/schema\\\/logo\\\/image\\\/\",\"url\":\"https:\\\/\\\/www.mtnmamas.org\\\/wp-content\\\/uploads\\\/2019\\\/12\\\/MountainMamas_Logo_BlueRed.png\",\"contentUrl\":\"https:\\\/\\\/www.mtnmamas.org\\\/wp-content\\\/uploads\\\/2019\\\/12\\\/MountainMamas_Logo_BlueRed.png\",\"width\":849,\"height\":644,\"caption\":\"Mountain Mamas\"},\"image\":{\"@id\":\"https:\\\/\\\/www.mtnmamas.org\\\/#\\\/schema\\\/logo\\\/image\\\/\"},\"sameAs\":[\"https:\\\/\\\/www.facebook.com\\\/MtnMamasOrg\\\/\",\"https:\\\/\\\/x.com\\\/MtnMamasOrg\",\"https:\\\/\\\/www.instagram.com\\\/MtnMamasOrg\\\/\",\"https:\\\/\\\/www.youtube.com\\\/channel\\\/UCkfMCLwtylR_HK4NQG_hQdA\"]}]}<\/script>\n<!-- \/ Yoast SEO plugin. -->","yoast_head_json":{"title":"Jeffco Sustainability Action Page - Mountain Mamas","robots":{"index":"index","follow":"follow","max-snippet":"max-snippet:-1","max-image-preview":"max-image-preview:large","max-video-preview":"max-video-preview:-1"},"canonical":"https:\/\/www.mtnmamas.org\/sp\/jeffco-sustainability-action\/","og_locale":"es_MX","og_type":"article","og_title":"Jeffco Sustainability Action Page - Mountain Mamas","og_url":"https:\/\/www.mtnmamas.org\/sp\/jeffco-sustainability-action\/","og_site_name":"Mountain Mamas","article_publisher":"https:\/\/www.facebook.com\/MtnMamasOrg\/","article_modified_time":"2024-01-23T20:55:28+00:00","twitter_card":"summary_large_image","twitter_site":"@MtnMamasOrg","twitter_misc":{"Tiempo de lectura":"4 minutos"},"schema":{"@context":"https:\/\/schema.org","@graph":[{"@type":"WebPage","@id":"https:\/\/www.mtnmamas.org\/jeffco-sustainability-action\/","url":"https:\/\/www.mtnmamas.org\/jeffco-sustainability-action\/","name":"Jeffco Sustainability Action Page - Mountain Mamas","isPartOf":{"@id":"https:\/\/www.mtnmamas.org\/#website"},"datePublished":"2024-01-05T19:40:00+00:00","dateModified":"2024-01-23T20:55:28+00:00","breadcrumb":{"@id":"https:\/\/www.mtnmamas.org\/jeffco-sustainability-action\/#breadcrumb"},"inLanguage":"es","potentialAction":[{"@type":"ReadAction","target":["https:\/\/www.mtnmamas.org\/jeffco-sustainability-action\/"]}]},{"@type":"BreadcrumbList","@id":"https:\/\/www.mtnmamas.org\/jeffco-sustainability-action\/#breadcrumb","itemListElement":[{"@type":"ListItem","position":1,"name":"Home","item":"https:\/\/www.mtnmamas.org\/"},{"@type":"ListItem","position":2,"name":"Jeffco Sustainability Action Page"}]},{"@type":"WebSite","@id":"https:\/\/www.mtnmamas.org\/#website","url":"https:\/\/www.mtnmamas.org\/","name":"Mam\u00e1s de monta\u00f1a","description":"","publisher":{"@id":"https:\/\/www.mtnmamas.org\/#organization"},"potentialAction":[{"@type":"SearchAction","target":{"@type":"EntryPoint","urlTemplate":"https:\/\/www.mtnmamas.org\/?s={search_term_string}"},"query-input":{"@type":"PropertyValueSpecification","valueRequired":true,"valueName":"search_term_string"}}],"inLanguage":"es"},{"@type":"Organization","@id":"https:\/\/www.mtnmamas.org\/#organization","name":"Mam\u00e1s de monta\u00f1a","url":"https:\/\/www.mtnmamas.org\/","logo":{"@type":"ImageObject","inLanguage":"es","@id":"https:\/\/www.mtnmamas.org\/#\/schema\/logo\/image\/","url":"https:\/\/www.mtnmamas.org\/wp-content\/uploads\/2019\/12\/MountainMamas_Logo_BlueRed.png","contentUrl":"https:\/\/www.mtnmamas.org\/wp-content\/uploads\/2019\/12\/MountainMamas_Logo_BlueRed.png","width":849,"height":644,"caption":"Mountain Mamas"},"image":{"@id":"https:\/\/www.mtnmamas.org\/#\/schema\/logo\/image\/"},"sameAs":["https:\/\/www.facebook.com\/MtnMamasOrg\/","https:\/\/x.com\/MtnMamasOrg","https:\/\/www.instagram.com\/MtnMamasOrg\/","https:\/\/www.youtube.com\/channel\/UCkfMCLwtylR_HK4NQG_hQdA"]}]}},"_links":{"self":[{"href":"https:\/\/www.mtnmamas.org\/sp\/wp-json\/wp\/v2\/pages\/2242","targetHints":{"allow":["GET"]}}],"collection":[{"href":"https:\/\/www.mtnmamas.org\/sp\/wp-json\/wp\/v2\/pages"}],"about":[{"href":"https:\/\/www.mtnmamas.org\/sp\/wp-json\/wp\/v2\/types\/page"}],"author":[{"embeddable":true,"href":"https:\/\/www.mtnmamas.org\/sp\/wp-json\/wp\/v2\/users\/14"}],"replies":[{"embeddable":true,"href":"https:\/\/www.mtnmamas.org\/sp\/wp-json\/wp\/v2\/comments?post=2242"}],"version-history":[{"count":12,"href":"https:\/\/www.mtnmamas.org\/sp\/wp-json\/wp\/v2\/pages\/2242\/revisions"}],"predecessor-version":[{"id":2283,"href":"https:\/\/www.mtnmamas.org\/sp\/wp-json\/wp\/v2\/pages\/2242\/revisions\/2283"}],"wp:attachment":[{"href":"https:\/\/www.mtnmamas.org\/sp\/wp-json\/wp\/v2\/media?parent=2242"}],"curies":[{"name":"wp","href":"https:\/\/api.w.org\/{rel}","templated":true}]}}