{"id":1220,"date":"2021-04-23T11:57:18","date_gmt":"2021-04-23T17:57:18","guid":{"rendered":"https:\/\/www.mtnmamas.org\/?page_id=1220"},"modified":"2023-05-10T15:22:39","modified_gmt":"2023-05-10T21:22:39","slug":"rural","status":"publish","type":"page","link":"https:\/\/www.mtnmamas.org\/sp\/rural\/","title":{"rendered":"\u00a1Mam\u00e1s rurales!"},"content":{"rendered":"<section class=\"l-section wpb_row height_medium full_height valign_center with_img parallax_ver\"><div class=\"l-section-img\" role=\"img\" aria-label=\"Imagen\" data-img-width=\"1254\" data-img-height=\"836\" style=\"background-image: url(https:\/\/www.mtnmamas.org\/wp-content\/uploads\/2021\/04\/iStock-1156574271.jpg);background-repeat: no-repeat;\"><\/div><div class=\"l-section-h i-cf\"><div class=\"g-cols vc_row via_flex valign_top type_default stacking_default\"><div class=\"vc_col-sm-12 wpb_column vc_column_container\"><div class=\"vc_column-inner\"><div class=\"wpb_wrapper\"><h2 style=\"text-align: center\" class=\"vc_custom_heading vc_do_custom_heading us_custom_7bd7a123\" >\u00a1MAMAS RURALES!<\/h2><div class=\"wpb_text_column us_custom_6df4bc3a has_text_color\"><div class=\"wpb_wrapper\"><h6 style=\"text-align: center;\">CONEXI\u00d3N RURAL + COMPROMISO + EQUIDAD<\/h6>\n<\/div><\/div><\/div><\/div><\/div><\/div><\/div><\/section><section class=\"l-section wpb_row height_medium\"><div class=\"l-section-h i-cf\"><div class=\"g-cols vc_row via_flex valign_top type_default stacking_default\"><div class=\"vc_col-sm-12 wpb_column vc_column_container\"><div class=\"vc_column-inner\"><div class=\"wpb_wrapper\"><div class=\"wpb_text_column\"><div class=\"wpb_wrapper\"><h4 style=\"text-align: center;\">En Montana, hemos visto y participado en esfuerzos que presentan a personas que en el exterior normalmente no ser\u00edan amigos (como un ranchero y un ambientalista, un maderero y un esquiador de traves\u00eda), pero a trav\u00e9s de una apreciaci\u00f3n compartida del lugar o forma de vida. , o cuesti\u00f3n comunitaria: dejan de lado sus diferencias, se escuchan y aprenden unos de otros, y encuentran un camino a seguir en el que todos ganen.<\/h4>\n<\/div><\/div><\/div><\/div><\/div><\/div><\/div><\/section><section class=\"l-section wpb_row height_auto\"><div class=\"l-section-h i-cf\"><div class=\"g-cols vc_row via_flex valign_middle type_default stacking_default\"><div class=\"vc_col-sm-6 wpb_column vc_column_container\"><div class=\"vc_column-inner\"><div class=\"wpb_wrapper\"><div class=\"w-image us_custom_7e20fa79 us_animate_this style_shadow-2 has_ratio align_center\"><div class=\"w-image-h\"><div style=\"padding-bottom:100%\"><\/div><div class=\"w-image-shadow\" style=\"background-image:url(https:\/\/www.mtnmamas.org\/wp-content\/uploads\/2021\/04\/Screen-Shot-2021-04-23-at-11.12.22-AM.png);\"><\/div><img decoding=\"async\" width=\"516\" height=\"523\" src=\"https:\/\/www.mtnmamas.org\/wp-content\/uploads\/2021\/04\/Screen-Shot-2021-04-23-at-11.12.22-AM.png\" class=\"attachment-large size-large\" alt=\"\" loading=\"lazy\" \/><\/div><\/div><\/div><\/div><\/div><div class=\"vc_col-sm-6 wpb_column vc_column_container\"><div class=\"vc_column-inner\"><div class=\"wpb_wrapper\"><div class=\"wpb_text_column\"><div class=\"wpb_wrapper\"><p>De Bozeman a Highwood, de Shelby a Billings, de Pony a Missoula, las \"mam\u00e1s\" de todas partes est\u00e1n de acuerdo en algo muy simple, pero poderoso:<strong> nuestras familias merecen aventuras con aire fresco en los pulmones y agua limpia entre los dedos de los pies, con muchos espacios abiertos entre en medio.<\/strong><\/p>\n<\/div><\/div><div class=\"w-separator size_custom\" style=\"height:20px\" id=\"b81b\"><style><\/style><\/div><div class=\"w-actionbox us_custom_211707e8 color_primary controls_bottom\"><div class=\"w-actionbox-text\"><div class=\"w-actionbox-description\"><p>Es por eso que lanzamos Mamas Rural, donde estamos duplicando el esp\u00edritu de Mountain Mamas de conocer a las mam\u00e1s donde est\u00e1n y hacer lo que podamos con nuestras experiencias compartidas como habitantes de Montana.<\/p>\n<p>Vamos a alejarnos de las divisiones y disfunciones pol\u00edticas nacionales y, en cambio, mirarnos unos a otros y a las ra\u00edces rurales que nos entrelazan.<\/p>\n<\/div><\/div><\/div><\/div><\/div><\/div><\/div><\/div><\/section><section class=\"l-section wpb_row height_medium\"><div class=\"l-section-h i-cf\"><div class=\"g-cols vc_row via_flex valign_middle type_default reversed stacking_default\"><div class=\"vc_col-sm-6 wpb_column vc_column_container\"><div class=\"vc_column-inner\"><div class=\"wpb_wrapper\"><div class=\"wpb_text_column\"><div class=\"wpb_wrapper\"><p>A trav\u00e9s de Mamas Rural estamos escuchando y aprendiendo en las comunidades rurales y nativas de Montana con la \u00fanica agenda: <strong>encontrar acuerdos y consenso sobre lo que es mejor para estas comunidades en lo que respecta al aire limpio, el agua y nuestras tierras compartidas.<\/strong><\/p>\n<\/div><\/div><section class=\"vc_cta3-container\"><div class=\"vc_general vc_do_cta3 vc_cta3 vc_cta3-style-custom vc_cta3-shape-round vc_cta3-align-center vc_cta3-icons-on-border vc_cta3-icon-size-lg vc_cta3-icons-in-box vc_cta3-icons-top\" style=\"background-color:#f7f7f7;\"><div class=\"vc_cta3-icons\"><div class=\"vc_icon_element vc_icon_element-outer vc_do_icon vc_icon_element-align-left vc_icon_element-have-style\"><div class=\"vc_icon_element-inner vc_icon_element-color-white vc_icon_element-have-style-inner vc_icon_element-size-lg vc_icon_element-style-rounded vc_icon_element-background vc_icon_element-background-color-custom\"  style=\"background-color:#0099aa\"><span class=\"vc_icon_element-icon fas fa-question\" ><\/span><\/div><\/div><\/div><div class=\"vc_cta3_content-container\"><div class=\"vc_cta3-content\"><header class=\"vc_cta3-content-header\"><h2 style=\"font-size: 30px;color: #ed1846;text-align: center\" class=\"vc_custom_heading vc_do_custom_heading us_custom_cda6f729\" >\u00bfPOR QU\u00c9?<\/h2><\/header><\/div><\/div><\/div><\/section>\n<p style=\"text-align: center;\">Mountain Mamas quiere apoyar soluciones econ\u00f3micas, de conservaci\u00f3n y recreaci\u00f3n locales desde cero.<\/p>\n<p style=\"text-align: center;\">Al centrarnos en la calidad de vida, las oportunidades econ\u00f3micas, recreativas Y de conservaci\u00f3n en las zonas rurales de Montana, podemos fortalecer los m\u00fasculos de nuestra comunidad para participar, escuchar y comprometerse.<\/p>\n<p style=\"text-align: center;\">En \u00faltima instancia, podemos convertir los proyectos y prioridades de conservaci\u00f3n y recreaci\u00f3n en derechos humanos b\u00e1sicos para TODOS, no solo para comunidades ricas como Bozeman, Whitefish y Missoula.<\/p>\n<\/div><\/div><\/div><div class=\"vc_col-sm-6 wpb_column vc_column_container\"><div class=\"vc_column-inner\"><div class=\"wpb_wrapper\"><div class=\"w-image us_custom_7e20fa79 us_animate_this style_shadow-2 has_ratio align_center\"><div class=\"w-image-h\"><div style=\"padding-bottom:100%\"><\/div><div class=\"w-image-shadow\" style=\"background-image:url(https:\/\/www.mtnmamas.org\/wp-content\/uploads\/2021\/04\/Shelby-Splash-Park-with-Kids-1024x1004.jpg);\"><\/div><img decoding=\"async\" width=\"1024\" height=\"1004\" src=\"https:\/\/www.mtnmamas.org\/wp-content\/uploads\/2021\/04\/Shelby-Splash-Park-with-Kids-1024x1004.jpg\" class=\"attachment-large size-large\" alt=\"\" loading=\"lazy\" \/><\/div><\/div><\/div><\/div><\/div><\/div><\/div><\/section><section class=\"l-section wpb_row height_medium color_footer-bottom\"><div class=\"l-section-h i-cf\"><div class=\"g-cols vc_row via_flex valign_top type_default stacking_default\"><div class=\"vc_col-sm-12 wpb_column vc_column_container\"><div class=\"vc_column-inner\"><div class=\"wpb_wrapper\"><h2 style=\"text-align: center\" class=\"vc_custom_heading vc_do_custom_heading us_custom_5e6015ca\" >OBJETIVOS DEL PROYECTO<\/h2><div class=\"w-separator size_custom\" style=\"height:20px\" id=\"k85a\"><style><\/style><\/div><div class=\"g-cols wpb_row via_flex valign_top type_default stacking_default\"><div class=\"vc_col-sm-3 wpb_column vc_column_container\"><div class=\"vc_column-inner\"><div class=\"wpb_wrapper\"><div class=\"w-iconbox us_custom_6df4bc3a has_text_color iconpos_top style_circle color_custom align_center\"><div class=\"w-iconbox-icon\" style=\"font-size:30px;--icon-color:#ffffff;--icon-bg-color:var(--color-content-primary);\"><i class=\"fas fa-bullhorn\"><\/i><\/div><div class=\"w-iconbox-meta\"><h4 class=\"w-iconbox-title\">MAM\u00c1 L\u00cdDERES<\/h4><div class=\"w-iconbox-text\"><p style=\"text-align: center;\">Proporcionar a las mujeres rurales de Montana herramientas para liderar y desarrollar soluciones comunitarias a los problemas clim\u00e1ticos y de conservaci\u00f3n locales.<\/p>\n<\/div><\/div><\/div><\/div><\/div><\/div><div class=\"vc_col-sm-3 wpb_column vc_column_container\"><div class=\"vc_column-inner\"><div class=\"wpb_wrapper\"><div class=\"w-iconbox us_custom_6df4bc3a has_text_color iconpos_top style_circle color_custom align_center\"><div class=\"w-iconbox-icon\" style=\"font-size:30px;--icon-color:#ffffff;--icon-bg-color:var(--color-content-primary);\"><i class=\"fas fa-hand-holding-seedling\"><\/i><\/div><div class=\"w-iconbox-meta\"><h4 class=\"w-iconbox-title\">EQUIDAD<\/h4><div class=\"w-iconbox-text\"><p style=\"text-align: center;\">Garantizar el acceso y la equidad a fondos que brinden oportunidades de conservaci\u00f3n y recreaci\u00f3n para todos los habitantes de Montana.<\/p>\n<\/div><\/div><\/div><\/div><\/div><\/div><div class=\"vc_col-sm-3 wpb_column vc_column_container\"><div class=\"vc_column-inner\"><div class=\"wpb_wrapper\"><div class=\"w-iconbox us_custom_6df4bc3a has_text_color iconpos_top style_circle color_custom align_center\"><div class=\"w-iconbox-icon\" style=\"font-size:30px;--icon-color:#ffffff;--icon-bg-color:var(--color-content-primary);\"><i class=\"fas fa-lightbulb-on\"><\/i><\/div><div class=\"w-iconbox-meta\"><h4 class=\"w-iconbox-title\">CONCIENCIA<\/h4><div class=\"w-iconbox-text\"><p style=\"text-align: center;\">Aumentar la conciencia de las bases sobre la econom\u00eda rural y las subvenciones del Fondo para la Conservaci\u00f3n de Tierras y Aguas.<\/p>\n<\/div><\/div><\/div><\/div><\/div><\/div><div class=\"vc_col-sm-3 wpb_column vc_column_container\"><div class=\"vc_column-inner\"><div class=\"wpb_wrapper\"><div class=\"w-iconbox us_custom_6df4bc3a has_text_color iconpos_top style_circle color_custom align_center\"><div class=\"w-iconbox-icon\" style=\"font-size:30px;--icon-color:#ffffff;--icon-bg-color:var(--color-content-primary);\"><i class=\"fas fa-handshake-alt\"><\/i><\/div><div class=\"w-iconbox-meta\"><h4 class=\"w-iconbox-title\">CONFIANZA<\/h4><div class=\"w-iconbox-text\"><p style=\"text-align: center;\">Establecer y aumentar la confianza entre los grupos\/iniciativas de conservaci\u00f3n y recreaci\u00f3n y las zonas rurales de Montana.<\/p>\n<\/div><\/div><\/div><\/div><\/div><\/div><\/div><\/div><\/div><\/div><\/div><\/div><\/section><section class=\"l-section wpb_row height_medium with_img parallax_ver parallaxdir_reversed\"><div class=\"l-section-img\" role=\"img\" aria-label=\"Imagen\" data-img-width=\"2560\" data-img-height=\"1708\" style=\"background-image: url(https:\/\/www.mtnmamas.org\/wp-content\/uploads\/2021\/04\/MMM_BCSA_Families_EricIan-24-scaled.jpg);background-repeat: no-repeat;\"><\/div><div class=\"l-section-h i-cf\"><div class=\"g-cols vc_row via_flex valign_top type_default stacking_default\"><div class=\"vc_col-sm-6 wpb_column vc_column_container\"><div class=\"vc_column-inner\"><div class=\"wpb_wrapper\"><div class=\"wpb_text_column us_custom_6a106775 has_text_color\"><div class=\"wpb_wrapper\"><h6 style=\"text-align: center;\">En 2022, lanzamos un proyecto piloto Mamas Rural en el condado de Sanders, en cooperaci\u00f3n con Kaniksu Land Trust, con un \u00e9xito incre\u00edble.<\/h6>\n<h6 style=\"text-align: center;\">A trav\u00e9s de su conocimiento de primera mano del \u00e1rea y su \u201chabilidad de mam\u00e1\u201d para unir a la gente para el mejoramiento de nuestras familias y comunidades, estamos trabajando con socios conservacionistas locales, estatales y regionales para implementar plenamente la Great American Outdoors Act y subvenciones para la econom\u00eda rural sobre el terreno y en las zonas que m\u00e1s lo necesitan, empezando por el condado de Sanders.<\/h6>\n<h4 style=\"text-align: center;\"><a href=\"\/sp\/donate\/\">Done hoy para ayudar a llevar Mamas Rural a m\u00e1s comunidades de Montana.<\/a><\/h4>\n<\/div><\/div><\/div><\/div><\/div><div class=\"vc_col-sm-6 wpb_column vc_column_container\"><div class=\"vc_column-inner\"><div class=\"wpb_wrapper\"><\/div><\/div><\/div><\/div><\/div><\/section>","protected":false},"excerpt":{"rendered":"\u00a1MAMAS RURALES! CONEXI\u00d3N RURAL + COMPROMISO + EQUIDAD En Montana, hemos visto y participado en esfuerzos que incluyen a personas que, de afuera, normalmente no ser\u00edan amigos (como un ranchero y un ambientalista, un le\u00f1ador y un esquiador de traves\u00eda), pero a trav\u00e9s de una apreciaci\u00f3n compartida del lugar, o la forma de vida, o un problema comunitario...","protected":false},"author":16,"featured_media":0,"parent":0,"menu_order":0,"comment_status":"closed","ping_status":"closed","template":"","meta":{"footnotes":""},"class_list":["post-1220","page","type-page","status-publish","hentry"],"yoast_head":"<!-- This site is optimized with the Yoast SEO plugin v27.5 - https:\/\/yoast.com\/product\/yoast-seo-wordpress\/ -->\n<title>Mamas Rural! - Mountain Mamas<\/title>\n<meta name=\"robots\" content=\"index, follow, max-snippet:-1, max-image-preview:large, max-video-preview:-1\" \/>\n<link rel=\"canonical\" href=\"https:\/\/www.mtnmamas.org\/sp\/rural\/\" \/>\n<meta property=\"og:locale\" content=\"es_MX\" \/>\n<meta property=\"og:type\" content=\"article\" \/>\n<meta property=\"og:title\" content=\"Mamas Rural! - Mountain Mamas\" \/>\n<meta property=\"og:url\" content=\"https:\/\/www.mtnmamas.org\/sp\/rural\/\" \/>\n<meta property=\"og:site_name\" content=\"Mountain Mamas\" \/>\n<meta property=\"article:publisher\" content=\"https:\/\/www.facebook.com\/MtnMamasOrg\/\" \/>\n<meta property=\"article:modified_time\" content=\"2023-05-10T21:22:39+00:00\" \/>\n<meta name=\"twitter:card\" content=\"summary_large_image\" \/>\n<meta name=\"twitter:site\" content=\"@MtnMamasOrg\" \/>\n<meta name=\"twitter:label1\" content=\"Tiempo de lectura\" \/>\n\t<meta name=\"twitter:data1\" content=\"3 minutos\" \/>\n<script type=\"application\/ld+json\" class=\"yoast-schema-graph\">{\"@context\":\"https:\\\/\\\/schema.org\",\"@graph\":[{\"@type\":\"WebPage\",\"@id\":\"https:\\\/\\\/www.mtnmamas.org\\\/rural\\\/\",\"url\":\"https:\\\/\\\/www.mtnmamas.org\\\/rural\\\/\",\"name\":\"Mamas Rural! - Mountain Mamas\",\"isPartOf\":{\"@id\":\"https:\\\/\\\/www.mtnmamas.org\\\/#website\"},\"datePublished\":\"2021-04-23T17:57:18+00:00\",\"dateModified\":\"2023-05-10T21:22:39+00:00\",\"breadcrumb\":{\"@id\":\"https:\\\/\\\/www.mtnmamas.org\\\/rural\\\/#breadcrumb\"},\"inLanguage\":\"es\",\"potentialAction\":[{\"@type\":\"ReadAction\",\"target\":[\"https:\\\/\\\/www.mtnmamas.org\\\/rural\\\/\"]}]},{\"@type\":\"BreadcrumbList\",\"@id\":\"https:\\\/\\\/www.mtnmamas.org\\\/rural\\\/#breadcrumb\",\"itemListElement\":[{\"@type\":\"ListItem\",\"position\":1,\"name\":\"Home\",\"item\":\"https:\\\/\\\/www.mtnmamas.org\\\/\"},{\"@type\":\"ListItem\",\"position\":2,\"name\":\"Mamas Rural!\"}]},{\"@type\":\"WebSite\",\"@id\":\"https:\\\/\\\/www.mtnmamas.org\\\/#website\",\"url\":\"https:\\\/\\\/www.mtnmamas.org\\\/\",\"name\":\"Mountain Mamas\",\"description\":\"\",\"publisher\":{\"@id\":\"https:\\\/\\\/www.mtnmamas.org\\\/#organization\"},\"potentialAction\":[{\"@type\":\"SearchAction\",\"target\":{\"@type\":\"EntryPoint\",\"urlTemplate\":\"https:\\\/\\\/www.mtnmamas.org\\\/?s={search_term_string}\"},\"query-input\":{\"@type\":\"PropertyValueSpecification\",\"valueRequired\":true,\"valueName\":\"search_term_string\"}}],\"inLanguage\":\"es\"},{\"@type\":\"Organization\",\"@id\":\"https:\\\/\\\/www.mtnmamas.org\\\/#organization\",\"name\":\"Mountain Mamas\",\"url\":\"https:\\\/\\\/www.mtnmamas.org\\\/\",\"logo\":{\"@type\":\"ImageObject\",\"inLanguage\":\"es\",\"@id\":\"https:\\\/\\\/www.mtnmamas.org\\\/#\\\/schema\\\/logo\\\/image\\\/\",\"url\":\"https:\\\/\\\/www.mtnmamas.org\\\/wp-content\\\/uploads\\\/2019\\\/12\\\/MountainMamas_Logo_BlueRed.png\",\"contentUrl\":\"https:\\\/\\\/www.mtnmamas.org\\\/wp-content\\\/uploads\\\/2019\\\/12\\\/MountainMamas_Logo_BlueRed.png\",\"width\":849,\"height\":644,\"caption\":\"Mountain Mamas\"},\"image\":{\"@id\":\"https:\\\/\\\/www.mtnmamas.org\\\/#\\\/schema\\\/logo\\\/image\\\/\"},\"sameAs\":[\"https:\\\/\\\/www.facebook.com\\\/MtnMamasOrg\\\/\",\"https:\\\/\\\/x.com\\\/MtnMamasOrg\",\"https:\\\/\\\/www.instagram.com\\\/MtnMamasOrg\\\/\",\"https:\\\/\\\/www.youtube.com\\\/channel\\\/UCkfMCLwtylR_HK4NQG_hQdA\"]}]}<\/script>\n<!-- \/ Yoast SEO plugin. -->","yoast_head_json":{"title":"Mamas Rural! - Mountain Mamas","robots":{"index":"index","follow":"follow","max-snippet":"max-snippet:-1","max-image-preview":"max-image-preview:large","max-video-preview":"max-video-preview:-1"},"canonical":"https:\/\/www.mtnmamas.org\/sp\/rural\/","og_locale":"es_MX","og_type":"article","og_title":"Mamas Rural! - Mountain Mamas","og_url":"https:\/\/www.mtnmamas.org\/sp\/rural\/","og_site_name":"Mountain Mamas","article_publisher":"https:\/\/www.facebook.com\/MtnMamasOrg\/","article_modified_time":"2023-05-10T21:22:39+00:00","twitter_card":"summary_large_image","twitter_site":"@MtnMamasOrg","twitter_misc":{"Tiempo de lectura":"3 minutos"},"schema":{"@context":"https:\/\/schema.org","@graph":[{"@type":"WebPage","@id":"https:\/\/www.mtnmamas.org\/rural\/","url":"https:\/\/www.mtnmamas.org\/rural\/","name":"Mamas Rural! - Mountain Mamas","isPartOf":{"@id":"https:\/\/www.mtnmamas.org\/#website"},"datePublished":"2021-04-23T17:57:18+00:00","dateModified":"2023-05-10T21:22:39+00:00","breadcrumb":{"@id":"https:\/\/www.mtnmamas.org\/rural\/#breadcrumb"},"inLanguage":"es","potentialAction":[{"@type":"ReadAction","target":["https:\/\/www.mtnmamas.org\/rural\/"]}]},{"@type":"BreadcrumbList","@id":"https:\/\/www.mtnmamas.org\/rural\/#breadcrumb","itemListElement":[{"@type":"ListItem","position":1,"name":"Home","item":"https:\/\/www.mtnmamas.org\/"},{"@type":"ListItem","position":2,"name":"Mamas Rural!"}]},{"@type":"WebSite","@id":"https:\/\/www.mtnmamas.org\/#website","url":"https:\/\/www.mtnmamas.org\/","name":"Mam\u00e1s de monta\u00f1a","description":"","publisher":{"@id":"https:\/\/www.mtnmamas.org\/#organization"},"potentialAction":[{"@type":"SearchAction","target":{"@type":"EntryPoint","urlTemplate":"https:\/\/www.mtnmamas.org\/?s={search_term_string}"},"query-input":{"@type":"PropertyValueSpecification","valueRequired":true,"valueName":"search_term_string"}}],"inLanguage":"es"},{"@type":"Organization","@id":"https:\/\/www.mtnmamas.org\/#organization","name":"Mam\u00e1s de monta\u00f1a","url":"https:\/\/www.mtnmamas.org\/","logo":{"@type":"ImageObject","inLanguage":"es","@id":"https:\/\/www.mtnmamas.org\/#\/schema\/logo\/image\/","url":"https:\/\/www.mtnmamas.org\/wp-content\/uploads\/2019\/12\/MountainMamas_Logo_BlueRed.png","contentUrl":"https:\/\/www.mtnmamas.org\/wp-content\/uploads\/2019\/12\/MountainMamas_Logo_BlueRed.png","width":849,"height":644,"caption":"Mountain Mamas"},"image":{"@id":"https:\/\/www.mtnmamas.org\/#\/schema\/logo\/image\/"},"sameAs":["https:\/\/www.facebook.com\/MtnMamasOrg\/","https:\/\/x.com\/MtnMamasOrg","https:\/\/www.instagram.com\/MtnMamasOrg\/","https:\/\/www.youtube.com\/channel\/UCkfMCLwtylR_HK4NQG_hQdA"]}]}},"_links":{"self":[{"href":"https:\/\/www.mtnmamas.org\/sp\/wp-json\/wp\/v2\/pages\/1220","targetHints":{"allow":["GET"]}}],"collection":[{"href":"https:\/\/www.mtnmamas.org\/sp\/wp-json\/wp\/v2\/pages"}],"about":[{"href":"https:\/\/www.mtnmamas.org\/sp\/wp-json\/wp\/v2\/types\/page"}],"author":[{"embeddable":true,"href":"https:\/\/www.mtnmamas.org\/sp\/wp-json\/wp\/v2\/users\/16"}],"replies":[{"embeddable":true,"href":"https:\/\/www.mtnmamas.org\/sp\/wp-json\/wp\/v2\/comments?post=1220"}],"version-history":[{"count":13,"href":"https:\/\/www.mtnmamas.org\/sp\/wp-json\/wp\/v2\/pages\/1220\/revisions"}],"predecessor-version":[{"id":2071,"href":"https:\/\/www.mtnmamas.org\/sp\/wp-json\/wp\/v2\/pages\/1220\/revisions\/2071"}],"wp:attachment":[{"href":"https:\/\/www.mtnmamas.org\/sp\/wp-json\/wp\/v2\/media?parent=1220"}],"curies":[{"name":"wp","href":"https:\/\/api.w.org\/{rel}","templated":true}]}}